{"id":892,"date":"2024-04-25T09:53:23","date_gmt":"2024-04-25T13:53:23","guid":{"rendered":"https:\/\/mariesoleillabelle.com\/podcast\/"},"modified":"2025-05-29T11:24:02","modified_gmt":"2025-05-29T15:24:02","slug":"podcast","status":"publish","type":"page","link":"https:\/\/mariesoleillabelle.com\/en\/podcast\/","title":{"rendered":"Podcast"},"content":{"rendered":"<p>[et_pb_section fb_built=&#8221;1&#8243; custom_padding_last_edited=&#8221;on|desktop&#8221; admin_label=&#8221;Podcast&#8221; _builder_version=&#8221;4.22.0&#8243; use_background_color_gradient=&#8221;on&#8221; background_color_gradient_stops=&#8221;rgba(47,47,47,0.6) 0%|rgba(47,47,47,0.6) 100%&#8221; background_color_gradient_overlays_image=&#8221;on&#8221; background_image=&#8221;https:\/\/mariesoleillabelle.com\/wp-content\/uploads\/2024\/04\/406053803_813820977210435_6453163259605121137_n.jpg&#8221; custom_padding=&#8221;140px||140px||true|false&#8221; custom_padding_tablet=&#8221;60px||60px||true|false&#8221; custom_padding_phone=&#8221;60px||60px||true|false&#8221; global_colors_info=&#8221;{}&#8221;][et_pb_row admin_label=&#8221;row&#8221; module_class=&#8221;row-90 row-header&#8221; _builder_version=&#8221;4.22.0&#8243; background_size=&#8221;initial&#8221; background_position=&#8221;top_left&#8221; background_repeat=&#8221;repeat&#8221; custom_padding=&#8221;0px||0px||true|false&#8221; global_colors_info=&#8221;{}&#8221;][et_pb_column type=&#8221;4_4&#8243; _builder_version=&#8221;4.16&#8243; custom_padding=&#8221;|||&#8221; global_colors_info=&#8221;{}&#8221; custom_padding__hover=&#8221;|||&#8221;][et_pb_text admin_label=&#8221;Podcast&#8221; _builder_version=&#8221;4.22.0&#8243; _module_preset=&#8221;68180cb0-21bc-4181-b773-bf5a090e4936&#8243; header_text_align=&#8221;left&#8221; animation_style=&#8221;slide&#8221; animation_duration=&#8221;1200ms&#8221; header_font_size_phone=&#8221;40px&#8221; global_colors_info=&#8221;{}&#8221;]<\/p>\n<h1>Podcast<\/h1>\n<p>[\/et_pb_text][\/et_pb_column][\/et_pb_row][\/et_pb_section][et_pb_section fb_built=&#8221;1&#8243; _builder_version=&#8221;4.22.0&#8243; _module_preset=&#8221;default&#8221; global_colors_info=&#8221;{}&#8221;][et_pb_row use_custom_gutter=&#8221;on&#8221; make_equal=&#8221;on&#8221; custom_padding_last_edited=&#8221;on|tablet&#8221; module_class=&#8221;row-90 row-blogue&#8221; _builder_version=&#8221;4.22.0&#8243; _module_preset=&#8221;default&#8221; custom_padding=&#8221;0px||0px||true|false&#8221; custom_padding_tablet=&#8221;0px||0px||true|false&#8221; custom_padding_phone=&#8221;0px||0px||true|false&#8221; animation_style=&#8221;slide&#8221; animation_duration=&#8221;1200ms&#8221; global_colors_info=&#8221;{}&#8221;][et_pb_column type=&#8221;4_4&#8243; _builder_version=&#8221;4.22.0&#8243; _module_preset=&#8221;default&#8221; global_colors_info=&#8221;{}&#8221;][et_pb_text admin_label=&#8221;Du karting \u00e0 la Nissan Sentra Cup Series : L&#8217;histoire de Marie Soleil Labelle&#8221; _builder_version=&#8221;4.22.0&#8243; _module_preset=&#8221;08517245-1d11-4d24-bfdd-1a3e49e12e1d&#8221; global_colors_info=&#8221;{}&#8221;]<\/p>\n<h2>From karting to the Nissan Sentra Cup Series : The story of Marie Soleil Labelle<\/h2>\n<p>[\/et_pb_text][et_pb_text admin_label=&#8221;Marie-Soleil Labelle, pilote de course canadienne, partage son parcours dans le monde de la course et sa passion pour la comm\u00e9moration de Gilles Villeneuve. Elle parle de ses d\u00e9buts en karting et de sa transition vers la s\u00e9rie de la Coupe Nissan Sentra. Elle parle \u00e9galement de ses projets de course aux \u00c9tats-Unis et de son enthousiasme \u00e0 l&#8217;id\u00e9e d&#8217;essayer la course sur terre pour la premi\u00e8re fois. Nous parlons \u00e9galement de l&#8217;importance du travail en r\u00e9seau dans l&#8217;industrie du sport automobile. Nous insistons sur la n\u00e9cessit\u00e9 d&#8217;avoir confiance en soi et de vaincre sa timidit\u00e9 pour entrer en contact avec des sponsors potentiels. Nous soulignons \u00e9galement le r\u00f4le des m\u00e9dias sociaux pour se faire conna\u00eetre en tant que pilote de course et attirer des sponsors. La conversation se termine par une discussion sur l&#8217;importance des parrainages \u00e0 long terme et sur la valeur de l&#8217;\u00e9tablissement de relations solides avec les sponsors.&#8221; _builder_version=&#8221;4.22.0&#8243; _module_preset=&#8221;1a30c814-52d7-4ff5-8b0f-561b466d82dd&#8221; text_text_color=&#8221;#2F2F2F&#8221; text_orientation=&#8221;center&#8221; global_colors_info=&#8221;{}&#8221;]<\/p>\n<p>Canadian racing driver Marie-Soleil Labelle shares her racing journey and her passion for commemorating Gilles Villeneuve. She talks about her beginnings in karting and her transition to the Nissan Sentra Cup series. She also talks about her plans to race in the United States and her excitement at trying dirt racing for the first time. We also talk about the importance of networking in the motorsport industry. We stress the need for self-confidence and overcoming shyness to make contact with potential sponsors. We also highlight the role of social media in promoting yourself as a racing driver and attracting sponsors. The conversation concludes with a discussion on the importance of long-term sponsorships and the value of building strong relationships with sponsors.<\/p>\n<p>[\/et_pb_text][et_pb_text admin_label=&#8221;\u00c9couter sur les plateformes&#8221; _builder_version=&#8221;4.22.0&#8243; _module_preset=&#8221;08517245-1d11-4d24-bfdd-1a3e49e12e1d&#8221; global_colors_info=&#8221;{}&#8221;]<\/p>\n<h2>Listen on platforms<\/h2>\n<p>[\/et_pb_text][\/et_pb_column][\/et_pb_row][et_pb_row column_structure=&#8221;1_3,1_3,1_3&#8243; use_custom_gutter=&#8221;on&#8221; make_equal=&#8221;on&#8221; _builder_version=&#8221;4.22.0&#8243; _module_preset=&#8221;default&#8221; width=&#8221;55%&#8221; animation_style=&#8221;slide&#8221; animation_duration=&#8221;1200ms&#8221; global_colors_info=&#8221;{}&#8221;][et_pb_column type=&#8221;1_3&#8243; _builder_version=&#8221;4.22.0&#8243; _module_preset=&#8221;default&#8221; custom_css_main_element=&#8221;display: -webkit-box;||  display: -moz-box;||  display: -webkit-flex;||  display: -ms-flexbox;||  display: flex;||||-webkit-justify-content:center;||justify-content:center;||||-moz-flex-direction:column;||-ms-flex-direction:column;||-webkit-flex-direction:column;||flex-direction:column;&#8221; global_colors_info=&#8221;{}&#8221;][et_pb_image src=&#8221;https:\/\/mariesoleillabelle.com\/wp-content\/uploads\/2024\/04\/Spotify_logo_with_text.svg.png&#8221; title_text=&#8221;Spotify_logo_with_text.svg&#8221; url=&#8221;https:\/\/open.spotify.com\/episode\/4imVR4dUeXPitadE73Db6q?si=lObS8j-MSGSfQVR10XY63Q&amp;nd=1&amp;dlsi=dbb91593dbe44b17&#8243; url_new_window=&#8221;on&#8221; align=&#8221;center&#8221; _builder_version=&#8221;4.22.0&#8243; _module_preset=&#8221;default&#8221; width_tablet=&#8221;40%&#8221; width_phone=&#8221;60%&#8221; width_last_edited=&#8221;on|tablet&#8221; global_colors_info=&#8221;{}&#8221;][\/et_pb_image][\/et_pb_column][et_pb_column type=&#8221;1_3&#8243; _builder_version=&#8221;4.22.0&#8243; _module_preset=&#8221;default&#8221; custom_css_main_element=&#8221;display: -webkit-box;||  display: -moz-box;||  display: -webkit-flex;||  display: -ms-flexbox;||  display: flex;||||-webkit-justify-content:center;||justify-content:center;||||-moz-flex-direction:column;||-ms-flex-direction:column;||-webkit-flex-direction:column;||flex-direction:column;&#8221; global_colors_info=&#8221;{}&#8221;][et_pb_image src=&#8221;https:\/\/mariesoleillabelle.com\/wp-content\/uploads\/2024\/04\/Podbean-Logo-2023.png&#8221; title_text=&#8221;Podbean-Logo-2023&#8243; url=&#8221;https:\/\/velocityfemme.podbean.com\/e\/marie-labelle\/&#8221; url_new_window=&#8221;on&#8221; align=&#8221;center&#8221; _builder_version=&#8221;4.22.0&#8243; _module_preset=&#8221;default&#8221; width_tablet=&#8221;42%&#8221; width_phone=&#8221;60%&#8221; width_last_edited=&#8221;on|tablet&#8221; custom_margin_tablet=&#8221;20px||25px||false|false&#8221; custom_margin_phone=&#8221;20px||25px||false|false&#8221; custom_margin_last_edited=&#8221;on|tablet&#8221; global_colors_info=&#8221;{}&#8221;][\/et_pb_image][\/et_pb_column][et_pb_column type=&#8221;1_3&#8243; _builder_version=&#8221;4.22.0&#8243; _module_preset=&#8221;default&#8221; custom_css_main_element=&#8221;display: -webkit-box;||  display: -moz-box;||  display: -webkit-flex;||  display: -ms-flexbox;||  display: flex;||||-webkit-justify-content:center;||justify-content:center;||||-moz-flex-direction:column;||-ms-flex-direction:column;||-webkit-flex-direction:column;||flex-direction:column;&#8221; global_colors_info=&#8221;{}&#8221;][et_pb_image src=&#8221;https:\/\/mariesoleillabelle.com\/wp-content\/uploads\/2024\/04\/53.png&#8221; title_text=&#8221;53&#8243; url=&#8221;https:\/\/podcasts.apple.com\/ca\/podcast\/from-karting-to-the-nissan-sentra-cup-series-the\/id1670476681?i=1000653280476&amp;l=fr-CA&#8221; url_new_window=&#8221;on&#8221; align=&#8221;center&#8221; _builder_version=&#8221;4.22.0&#8243; _module_preset=&#8221;default&#8221; width_tablet=&#8221;44%&#8221; width_phone=&#8221;65%&#8221; width_last_edited=&#8221;on|tablet&#8221; global_colors_info=&#8221;{}&#8221;][\/et_pb_image][\/et_pb_column][\/et_pb_row][\/et_pb_section]<\/p>\n","protected":false},"excerpt":{"rendered":"<p>PodcastFrom karting to the Nissan Sentra Cup Series : The story of Marie Soleil LabelleCanadian racing driver Marie-Soleil Labelle shares her racing journey and her passion for commemorating Gilles Villeneuve. She talks about her beginnings in karting and her transition to the Nissan Sentra Cup series. She also talks about her plans to race in [&hellip;]<\/p>\n","protected":false},"author":1,"featured_media":208,"parent":0,"menu_order":0,"comment_status":"closed","ping_status":"closed","template":"","meta":{"_et_pb_use_builder":"on","_et_pb_old_content":"","_et_gb_content_width":"","footnotes":""},"dipi_cpt_category":[],"class_list":["post-892","page","type-page","status-publish","has-post-thumbnail","hentry"],"yoast_head":"<!-- This site is optimized with the Yoast SEO plugin v27.4 - https:\/\/yoast.com\/product\/yoast-seo-wordpress\/ -->\n<title>Podcast |\u00a0| Marie-Soleil (Sunny) Labelle<\/title>\n<meta name=\"description\" content=\"Listen to race driver Marie-Soleil Labelle&#039;s inspiring journey from karting to the Nissan Sentra Cup. Discover her tips on racing and networking.\" \/>\n<meta name=\"robots\" content=\"index, follow, max-snippet:-1, max-image-preview:large, max-video-preview:-1\" \/>\n<link rel=\"canonical\" href=\"https:\/\/mariesoleillabelle.com\/podcast\/\" \/>\n<meta property=\"og:locale\" content=\"en_US\" \/>\n<meta property=\"og:type\" content=\"article\" \/>\n<meta property=\"og:title\" content=\"Podcast |\u00a0| Marie-Soleil (Sunny) Labelle\" \/>\n<meta property=\"og:description\" content=\"Listen to race driver Marie-Soleil Labelle&#039;s inspiring journey from karting to the Nissan Sentra Cup. Discover her tips on racing and networking.\" \/>\n<meta property=\"og:url\" content=\"https:\/\/mariesoleillabelle.com\/podcast\/\" \/>\n<meta property=\"og:site_name\" content=\"Marie-Soleil (Sunny) Labelle\" \/>\n<meta property=\"article:publisher\" content=\"https:\/\/www.facebook.com\/AmbassadriceFREMAW\/\" \/>\n<meta property=\"article:modified_time\" content=\"2025-05-29T15:24:02+00:00\" \/>\n<meta property=\"og:image\" content=\"https:\/\/mariesoleillabelle.com\/wp-content\/uploads\/2024\/04\/Partage-sur-les-reseaux.jpg\" \/>\n\t<meta property=\"og:image:width\" content=\"1200\" \/>\n\t<meta property=\"og:image:height\" content=\"600\" \/>\n\t<meta property=\"og:image:type\" content=\"image\/jpeg\" \/>\n<meta name=\"twitter:card\" content=\"summary_large_image\" \/>\n<meta name=\"twitter:site\" content=\"@MarieSo82307936\" \/>\n<meta name=\"twitter:label1\" content=\"Est. reading time\" \/>\n\t<meta name=\"twitter:data1\" content=\"5 minutes\" \/>\n<script type=\"application\/ld+json\" class=\"yoast-schema-graph\">{\"@context\":\"https:\\\/\\\/schema.org\",\"@graph\":[{\"@type\":\"WebPage\",\"@id\":\"https:\\\/\\\/mariesoleillabelle.com\\\/podcast\\\/\",\"url\":\"https:\\\/\\\/mariesoleillabelle.com\\\/podcast\\\/\",\"name\":\"Podcast |\u00a0| Marie-Soleil (Sunny) Labelle\",\"isPartOf\":{\"@id\":\"https:\\\/\\\/mariesoleillabelle.com\\\/#website\"},\"primaryImageOfPage\":{\"@id\":\"https:\\\/\\\/mariesoleillabelle.com\\\/podcast\\\/#primaryimage\"},\"image\":{\"@id\":\"https:\\\/\\\/mariesoleillabelle.com\\\/podcast\\\/#primaryimage\"},\"thumbnailUrl\":\"https:\\\/\\\/mariesoleillabelle.com\\\/wp-content\\\/uploads\\\/2024\\\/04\\\/Partage-sur-les-reseaux.jpg\",\"datePublished\":\"2024-04-25T13:53:23+00:00\",\"dateModified\":\"2025-05-29T15:24:02+00:00\",\"description\":\"Listen to race driver Marie-Soleil Labelle's inspiring journey from karting to the Nissan Sentra Cup. Discover her tips on racing and networking.\",\"breadcrumb\":{\"@id\":\"https:\\\/\\\/mariesoleillabelle.com\\\/podcast\\\/#breadcrumb\"},\"inLanguage\":\"en-US\",\"potentialAction\":[{\"@type\":\"ReadAction\",\"target\":[\"https:\\\/\\\/mariesoleillabelle.com\\\/podcast\\\/\"]}]},{\"@type\":\"ImageObject\",\"inLanguage\":\"en-US\",\"@id\":\"https:\\\/\\\/mariesoleillabelle.com\\\/podcast\\\/#primaryimage\",\"url\":\"https:\\\/\\\/mariesoleillabelle.com\\\/wp-content\\\/uploads\\\/2024\\\/04\\\/Partage-sur-les-reseaux.jpg\",\"contentUrl\":\"https:\\\/\\\/mariesoleillabelle.com\\\/wp-content\\\/uploads\\\/2024\\\/04\\\/Partage-sur-les-reseaux.jpg\",\"width\":1200,\"height\":600,\"caption\":\"Photo de Partage sur les r\u00e9seaux sociaux\"},{\"@type\":\"BreadcrumbList\",\"@id\":\"https:\\\/\\\/mariesoleillabelle.com\\\/podcast\\\/#breadcrumb\",\"itemListElement\":[{\"@type\":\"ListItem\",\"position\":1,\"name\":\"Accueil\",\"item\":\"https:\\\/\\\/mariesoleillabelle.com\\\/\"},{\"@type\":\"ListItem\",\"position\":2,\"name\":\"Podcast\"}]},{\"@type\":\"WebSite\",\"@id\":\"https:\\\/\\\/mariesoleillabelle.com\\\/#website\",\"url\":\"https:\\\/\\\/mariesoleillabelle.com\\\/\",\"name\":\"Marie-Soleil (Sunny) Labelle\",\"description\":\"N\u00e9e pour faire la diff\u00e9rence\",\"publisher\":{\"@id\":\"https:\\\/\\\/mariesoleillabelle.com\\\/#organization\"},\"potentialAction\":[{\"@type\":\"SearchAction\",\"target\":{\"@type\":\"EntryPoint\",\"urlTemplate\":\"https:\\\/\\\/mariesoleillabelle.com\\\/?s={search_term_string}\"},\"query-input\":{\"@type\":\"PropertyValueSpecification\",\"valueRequired\":true,\"valueName\":\"search_term_string\"}}],\"inLanguage\":\"en-US\"},{\"@type\":\"Organization\",\"@id\":\"https:\\\/\\\/mariesoleillabelle.com\\\/#organization\",\"name\":\"Marie-Soleil (Sunny) Labelle\",\"url\":\"https:\\\/\\\/mariesoleillabelle.com\\\/\",\"logo\":{\"@type\":\"ImageObject\",\"inLanguage\":\"en-US\",\"@id\":\"https:\\\/\\\/mariesoleillabelle.com\\\/#\\\/schema\\\/logo\\\/image\\\/\",\"url\":\"https:\\\/\\\/mariesoleillabelle.com\\\/wp-content\\\/uploads\\\/2023\\\/06\\\/Favicon.png\",\"contentUrl\":\"https:\\\/\\\/mariesoleillabelle.com\\\/wp-content\\\/uploads\\\/2023\\\/06\\\/Favicon.png\",\"width\":512,\"height\":512,\"caption\":\"Marie-Soleil (Sunny) Labelle\"},\"image\":{\"@id\":\"https:\\\/\\\/mariesoleillabelle.com\\\/#\\\/schema\\\/logo\\\/image\\\/\"},\"sameAs\":[\"https:\\\/\\\/www.facebook.com\\\/AmbassadriceFREMAW\\\/\",\"https:\\\/\\\/x.com\\\/MarieSo82307936\"]}]}<\/script>\n<!-- \/ Yoast SEO plugin. -->","yoast_head_json":{"title":"Podcast |\u00a0| Marie-Soleil (Sunny) Labelle","description":"Listen to race driver Marie-Soleil Labelle's inspiring journey from karting to the Nissan Sentra Cup. Discover her tips on racing and networking.","robots":{"index":"index","follow":"follow","max-snippet":"max-snippet:-1","max-image-preview":"max-image-preview:large","max-video-preview":"max-video-preview:-1"},"canonical":"https:\/\/mariesoleillabelle.com\/podcast\/","og_locale":"en_US","og_type":"article","og_title":"Podcast |\u00a0| Marie-Soleil (Sunny) Labelle","og_description":"Listen to race driver Marie-Soleil Labelle's inspiring journey from karting to the Nissan Sentra Cup. Discover her tips on racing and networking.","og_url":"https:\/\/mariesoleillabelle.com\/podcast\/","og_site_name":"Marie-Soleil (Sunny) Labelle","article_publisher":"https:\/\/www.facebook.com\/AmbassadriceFREMAW\/","article_modified_time":"2025-05-29T15:24:02+00:00","og_image":[{"width":1200,"height":600,"url":"https:\/\/mariesoleillabelle.com\/wp-content\/uploads\/2024\/04\/Partage-sur-les-reseaux.jpg","type":"image\/jpeg"}],"twitter_card":"summary_large_image","twitter_site":"@MarieSo82307936","twitter_misc":{"Est. reading time":"5 minutes"},"schema":{"@context":"https:\/\/schema.org","@graph":[{"@type":"WebPage","@id":"https:\/\/mariesoleillabelle.com\/podcast\/","url":"https:\/\/mariesoleillabelle.com\/podcast\/","name":"Podcast |\u00a0| Marie-Soleil (Sunny) Labelle","isPartOf":{"@id":"https:\/\/mariesoleillabelle.com\/#website"},"primaryImageOfPage":{"@id":"https:\/\/mariesoleillabelle.com\/podcast\/#primaryimage"},"image":{"@id":"https:\/\/mariesoleillabelle.com\/podcast\/#primaryimage"},"thumbnailUrl":"https:\/\/mariesoleillabelle.com\/wp-content\/uploads\/2024\/04\/Partage-sur-les-reseaux.jpg","datePublished":"2024-04-25T13:53:23+00:00","dateModified":"2025-05-29T15:24:02+00:00","description":"Listen to race driver Marie-Soleil Labelle's inspiring journey from karting to the Nissan Sentra Cup. Discover her tips on racing and networking.","breadcrumb":{"@id":"https:\/\/mariesoleillabelle.com\/podcast\/#breadcrumb"},"inLanguage":"en-US","potentialAction":[{"@type":"ReadAction","target":["https:\/\/mariesoleillabelle.com\/podcast\/"]}]},{"@type":"ImageObject","inLanguage":"en-US","@id":"https:\/\/mariesoleillabelle.com\/podcast\/#primaryimage","url":"https:\/\/mariesoleillabelle.com\/wp-content\/uploads\/2024\/04\/Partage-sur-les-reseaux.jpg","contentUrl":"https:\/\/mariesoleillabelle.com\/wp-content\/uploads\/2024\/04\/Partage-sur-les-reseaux.jpg","width":1200,"height":600,"caption":"Photo de Partage sur les r\u00e9seaux sociaux"},{"@type":"BreadcrumbList","@id":"https:\/\/mariesoleillabelle.com\/podcast\/#breadcrumb","itemListElement":[{"@type":"ListItem","position":1,"name":"Accueil","item":"https:\/\/mariesoleillabelle.com\/"},{"@type":"ListItem","position":2,"name":"Podcast"}]},{"@type":"WebSite","@id":"https:\/\/mariesoleillabelle.com\/#website","url":"https:\/\/mariesoleillabelle.com\/","name":"Marie-Soleil (Sunny) Labelle","description":"N\u00e9e pour faire la diff\u00e9rence","publisher":{"@id":"https:\/\/mariesoleillabelle.com\/#organization"},"potentialAction":[{"@type":"SearchAction","target":{"@type":"EntryPoint","urlTemplate":"https:\/\/mariesoleillabelle.com\/?s={search_term_string}"},"query-input":{"@type":"PropertyValueSpecification","valueRequired":true,"valueName":"search_term_string"}}],"inLanguage":"en-US"},{"@type":"Organization","@id":"https:\/\/mariesoleillabelle.com\/#organization","name":"Marie-Soleil (Sunny) Labelle","url":"https:\/\/mariesoleillabelle.com\/","logo":{"@type":"ImageObject","inLanguage":"en-US","@id":"https:\/\/mariesoleillabelle.com\/#\/schema\/logo\/image\/","url":"https:\/\/mariesoleillabelle.com\/wp-content\/uploads\/2023\/06\/Favicon.png","contentUrl":"https:\/\/mariesoleillabelle.com\/wp-content\/uploads\/2023\/06\/Favicon.png","width":512,"height":512,"caption":"Marie-Soleil (Sunny) Labelle"},"image":{"@id":"https:\/\/mariesoleillabelle.com\/#\/schema\/logo\/image\/"},"sameAs":["https:\/\/www.facebook.com\/AmbassadriceFREMAW\/","https:\/\/x.com\/MarieSo82307936"]}]}},"_links":{"self":[{"href":"https:\/\/mariesoleillabelle.com\/en\/wp-json\/wp\/v2\/pages\/892","targetHints":{"allow":["GET"]}}],"collection":[{"href":"https:\/\/mariesoleillabelle.com\/en\/wp-json\/wp\/v2\/pages"}],"about":[{"href":"https:\/\/mariesoleillabelle.com\/en\/wp-json\/wp\/v2\/types\/page"}],"author":[{"embeddable":true,"href":"https:\/\/mariesoleillabelle.com\/en\/wp-json\/wp\/v2\/users\/1"}],"replies":[{"embeddable":true,"href":"https:\/\/mariesoleillabelle.com\/en\/wp-json\/wp\/v2\/comments?post=892"}],"version-history":[{"count":3,"href":"https:\/\/mariesoleillabelle.com\/en\/wp-json\/wp\/v2\/pages\/892\/revisions"}],"predecessor-version":[{"id":1287,"href":"https:\/\/mariesoleillabelle.com\/en\/wp-json\/wp\/v2\/pages\/892\/revisions\/1287"}],"wp:featuredmedia":[{"embeddable":true,"href":"https:\/\/mariesoleillabelle.com\/en\/wp-json\/wp\/v2\/media\/208"}],"wp:attachment":[{"href":"https:\/\/mariesoleillabelle.com\/en\/wp-json\/wp\/v2\/media?parent=892"}],"wp:term":[{"taxonomy":"dipi_cpt_category","embeddable":true,"href":"https:\/\/mariesoleillabelle.com\/en\/wp-json\/wp\/v2\/dipi_cpt_category?post=892"}],"curies":[{"name":"wp","href":"https:\/\/api.w.org\/{rel}","templated":true}]}}